{"id":1178,"date":"2024-10-28T12:56:00","date_gmt":"2024-10-28T11:56:00","guid":{"rendered":"https:\/\/edinumenusa.com\/planetalector\/?page_id=1178"},"modified":"2024-10-28T12:58:26","modified_gmt":"2024-10-28T11:58:26","slug":"grade-2-10","status":"publish","type":"page","link":"https:\/\/edinumenusa.com\/planetalector\/grade-2-10\/","title":{"rendered":"Grade 2 10"},"content":{"rendered":"\t\t<div data-elementor-type=\"wp-page\" data-elementor-id=\"1178\" class=\"elementor elementor-1178\" data-elementor-post-type=\"page\">\n\t\t\t\t\t\t<section class=\"elementor-section elementor-top-section elementor-element elementor-element-d612779 elementor-section-full_width elementor-section-stretched elementor-section-height-default elementor-section-height-default\" data-id=\"d612779\" data-element_type=\"section\" data-settings=\"{&quot;stretch_section&quot;:&quot;section-stretched&quot;,&quot;jet_parallax_layout_list&quot;:[],&quot;background_background&quot;:&quot;classic&quot;}\">\n\t\t\t\t\t\t<div class=\"elementor-container elementor-column-gap-no\">\n\t\t\t\t\t<div class=\"elementor-column elementor-col-100 elementor-top-column elementor-element elementor-element-24a3963\" data-id=\"24a3963\" data-element_type=\"column\">\n\t\t\t<div class=\"elementor-widget-wrap elementor-element-populated\">\n\t\t\t\t\t\t<div class=\"elementor-element elementor-element-d013a04 elementor-widget elementor-widget-heading\" data-id=\"d013a04\" data-element_type=\"widget\" data-widget_type=\"heading.default\">\n\t\t\t\t<div class=\"elementor-widget-container\">\n\t\t\t\t\t<h2 class=\"elementor-heading-title elementor-size-default\">GRADE 2<\/h2>\t\t\t\t<\/div>\n\t\t\t\t<\/div>\n\t\t\t\t\t<\/div>\n\t\t<\/div>\n\t\t\t\t\t<\/div>\n\t\t<\/section>\n\t\t\t\t<section class=\"elementor-section elementor-top-section elementor-element elementor-element-2e2a440 elementor-section-full_width elementor-section-stretched elementor-section-height-default elementor-section-height-default\" data-id=\"2e2a440\" data-element_type=\"section\" data-settings=\"{&quot;stretch_section&quot;:&quot;section-stretched&quot;,&quot;jet_parallax_layout_list&quot;:[]}\">\n\t\t\t\t\t\t<div class=\"elementor-container elementor-column-gap-no\">\n\t\t\t\t\t<div class=\"elementor-column elementor-col-50 elementor-top-column elementor-element elementor-element-8a673ab\" data-id=\"8a673ab\" data-element_type=\"column\">\n\t\t\t<div class=\"elementor-widget-wrap elementor-element-populated\">\n\t\t\t\t\t\t<div class=\"elementor-element elementor-element-a04d020 elementor-widget elementor-widget-image\" data-id=\"a04d020\" data-element_type=\"widget\" data-widget_type=\"image.default\">\n\t\t\t\t<div class=\"elementor-widget-container\">\n\t\t\t\t\t\t\t\t\t\t\t\t\t\t\t<img fetchpriority=\"high\" decoding=\"async\" width=\"464\" height=\"681\" src=\"https:\/\/edinumenusa.com\/planetalector\/wp-content\/uploads\/sites\/24\/2024\/10\/grado2_10.jpg\" class=\"attachment-full size-full wp-image-966\" alt=\"\" srcset=\"https:\/\/edinumenusa.com\/planetalector\/wp-content\/uploads\/sites\/24\/2024\/10\/grado2_10.jpg 464w, https:\/\/edinumenusa.com\/planetalector\/wp-content\/uploads\/sites\/24\/2024\/10\/grado2_10-204x300.jpg 204w\" sizes=\"(max-width: 464px) 100vw, 464px\" \/>\t\t\t\t\t\t\t\t\t\t\t\t\t\t\t<\/div>\n\t\t\t\t<\/div>\n\t\t\t\t\t<\/div>\n\t\t<\/div>\n\t\t\t\t<div class=\"elementor-column elementor-col-50 elementor-top-column elementor-element elementor-element-fa62d9a\" data-id=\"fa62d9a\" data-element_type=\"column\" data-settings=\"{&quot;background_background&quot;:&quot;classic&quot;}\">\n\t\t\t<div class=\"elementor-widget-wrap elementor-element-populated\">\n\t\t\t\t\t\t<div class=\"elementor-element elementor-element-f51e175 color elementor-widget elementor-widget-heading\" data-id=\"f51e175\" data-element_type=\"widget\" data-widget_type=\"heading.default\">\n\t\t\t\t<div class=\"elementor-widget-container\">\n\t\t\t\t\t<h2 class=\"elementor-heading-title elementor-size-default\">Piel de le\u00f3n<\/h2>\t\t\t\t<\/div>\n\t\t\t\t<\/div>\n\t\t\t\t<section class=\"elementor-section elementor-inner-section elementor-element elementor-element-8662011 elementor-section-full_width elementor-section-height-default elementor-section-height-default\" data-id=\"8662011\" data-element_type=\"section\" data-settings=\"{&quot;jet_parallax_layout_list&quot;:[]}\">\n\t\t\t\t\t\t<div class=\"elementor-container elementor-column-gap-no\">\n\t\t\t\t\t<div class=\"elementor-column elementor-col-50 elementor-inner-column elementor-element elementor-element-29aeb2b\" data-id=\"29aeb2b\" data-element_type=\"column\">\n\t\t\t<div class=\"elementor-widget-wrap elementor-element-populated\">\n\t\t\t\t\t\t<div class=\"elementor-element elementor-element-55be35f elementor-widget elementor-widget-text-editor\" data-id=\"55be35f\" data-element_type=\"widget\" data-widget_type=\"text-editor.default\">\n\t\t\t\t<div class=\"elementor-widget-container\">\n\t\t\t\t\t\t\t\t\t<p>Author: <span style=\"color: black\">Montserrat del Amo<\/span><\/p>\t\t\t\t\t\t\t\t<\/div>\n\t\t\t\t<\/div>\n\t\t\t\t\t<\/div>\n\t\t<\/div>\n\t\t\t\t<div class=\"elementor-column elementor-col-50 elementor-inner-column elementor-element elementor-element-6f98242\" data-id=\"6f98242\" data-element_type=\"column\">\n\t\t\t<div class=\"elementor-widget-wrap elementor-element-populated\">\n\t\t\t\t\t\t<div class=\"elementor-element elementor-element-1541f25 elementor-widget elementor-widget-text-editor\" data-id=\"1541f25\" data-element_type=\"widget\" data-widget_type=\"text-editor.default\">\n\t\t\t\t<div class=\"elementor-widget-container\">\n\t\t\t\t\t\t\t\t\t<p>Illustrations: <span style=\"color: black\">Purificaci\u00f3n Hern\u00e1ndez<\/span><\/p>\t\t\t\t\t\t\t\t<\/div>\n\t\t\t\t<\/div>\n\t\t\t\t\t<\/div>\n\t\t<\/div>\n\t\t\t\t\t<\/div>\n\t\t<\/section>\n\t\t\t\t<div class=\"elementor-element elementor-element-273232b elementor-widget elementor-widget-text-editor\" data-id=\"273232b\" data-element_type=\"widget\" data-widget_type=\"text-editor.default\">\n\t\t\t\t<div class=\"elementor-widget-container\">\n\t\t\t\t\t\t\t\t\t<p>Synopsis<\/p>\t\t\t\t\t\t\t\t<\/div>\n\t\t\t\t<\/div>\n\t\t\t\t<div class=\"elementor-element elementor-element-c36c4de elementor-widget elementor-widget-text-editor\" data-id=\"c36c4de\" data-element_type=\"widget\" data-widget_type=\"text-editor.default\">\n\t\t\t\t<div class=\"elementor-widget-container\">\n\t\t\t\t\t\t\t\t\t<p class=\"p1\">This is the story of Dongo, who wants to become his clan&#8217;s new chief to stop the looting of neighboring tribes. His friend Nago helps him acquire the lionskin mantle he needs to rule over, but it&#8217;s not an easy task. The author address the themes of justice and peace throughout the narrative, and how it is the leader&#8217;s role to secure the settlement. <span class=\"Apple-converted-space\">\u00a0 \u00a0 \u00a0 \u00a0<\/span><\/p><p class=\"p1\">A settle board to conversations about the importance of human agency in improving life in community, for its neighbors, animals and the environment.<\/p>\t\t\t\t\t\t\t\t<\/div>\n\t\t\t\t<\/div>\n\t\t\t\t<div class=\"elementor-element elementor-element-9197d8e elementor-widget elementor-widget-image\" data-id=\"9197d8e\" data-element_type=\"widget\" data-widget_type=\"image.default\">\n\t\t\t\t<div class=\"elementor-widget-container\">\n\t\t\t\t\t\t\t\t\t\t\t\t\t\t\t<img decoding=\"async\" width=\"100\" height=\"100\" src=\"https:\/\/edinumenusa.com\/planetalector\/wp-content\/uploads\/sites\/24\/2024\/10\/grado2_10_autor.jpg\" class=\"attachment-full size-full wp-image-1180\" alt=\"\" \/>\t\t\t\t\t\t\t\t\t\t\t\t\t\t\t<\/div>\n\t\t\t\t<\/div>\n\t\t\t\t<div class=\"elementor-element elementor-element-3bf252d elementor-widget elementor-widget-text-editor\" data-id=\"3bf252d\" data-element_type=\"widget\" data-widget_type=\"text-editor.default\">\n\t\t\t\t<div class=\"elementor-widget-container\">\n\t\t\t\t\t\t\t\t\t<p class=\"p1\">Montserrat del Amo<\/p>\t\t\t\t\t\t\t\t<\/div>\n\t\t\t\t<\/div>\n\t\t\t\t<div class=\"elementor-element elementor-element-20306f1 elementor-align-center elementor-widget elementor-widget-button\" data-id=\"20306f1\" data-element_type=\"widget\" data-settings=\"{&quot;_animation&quot;:&quot;none&quot;}\" data-widget_type=\"button.default\">\n\t\t\t\t<div class=\"elementor-widget-container\">\n\t\t\t\t\t\t\t\t\t<div class=\"elementor-button-wrapper\">\n\t\t\t\t\t<a class=\"elementor-button elementor-button-link elementor-size-sm\" href=\"https:\/\/edinumenusa.com\/planetalector\/grade-2\/\">\n\t\t\t\t\t\t<span class=\"elementor-button-content-wrapper\">\n\t\t\t\t\t\t\t\t\t<span class=\"elementor-button-text\">RETURN<\/span>\n\t\t\t\t\t<\/span>\n\t\t\t\t\t<\/a>\n\t\t\t\t<\/div>\n\t\t\t\t\t\t\t\t<\/div>\n\t\t\t\t<\/div>\n\t\t\t\t\t<\/div>\n\t\t<\/div>\n\t\t\t\t\t<\/div>\n\t\t<\/section>\n\t\t\t\t<\/div>\n\t\t","protected":false},"excerpt":{"rendered":"<p>GRADE 2 Piel de le\u00f3n Author: Montserrat del Amo Illustrations: Purificaci\u00f3n Hern\u00e1ndez Synopsis This is the story of Dongo, who&#8230;<\/p>\n","protected":false},"author":2,"featured_media":0,"parent":0,"menu_order":0,"comment_status":"closed","ping_status":"closed","template":"","meta":{"footnotes":""},"class_list":["post-1178","page","type-page","status-publish","hentry"],"_links":{"self":[{"href":"https:\/\/edinumenusa.com\/planetalector\/wp-json\/wp\/v2\/pages\/1178","targetHints":{"allow":["GET"]}}],"collection":[{"href":"https:\/\/edinumenusa.com\/planetalector\/wp-json\/wp\/v2\/pages"}],"about":[{"href":"https:\/\/edinumenusa.com\/planetalector\/wp-json\/wp\/v2\/types\/page"}],"author":[{"embeddable":true,"href":"https:\/\/edinumenusa.com\/planetalector\/wp-json\/wp\/v2\/users\/2"}],"replies":[{"embeddable":true,"href":"https:\/\/edinumenusa.com\/planetalector\/wp-json\/wp\/v2\/comments?post=1178"}],"version-history":[{"count":7,"href":"https:\/\/edinumenusa.com\/planetalector\/wp-json\/wp\/v2\/pages\/1178\/revisions"}],"predecessor-version":[{"id":1186,"href":"https:\/\/edinumenusa.com\/planetalector\/wp-json\/wp\/v2\/pages\/1178\/revisions\/1186"}],"wp:attachment":[{"href":"https:\/\/edinumenusa.com\/planetalector\/wp-json\/wp\/v2\/media?parent=1178"}],"curies":[{"name":"wp","href":"https:\/\/api.w.org\/{rel}","templated":true}]}}