{"id":1561,"date":"2024-11-18T11:52:34","date_gmt":"2024-11-18T10:52:34","guid":{"rendered":"https:\/\/edinumenusa.com\/planetalector\/?page_id=1561"},"modified":"2024-11-18T11:58:00","modified_gmt":"2024-11-18T10:58:00","slug":"grade-4-01","status":"publish","type":"page","link":"https:\/\/edinumenusa.com\/planetalector\/grade-4-01\/","title":{"rendered":"Grade 4 01"},"content":{"rendered":"\t\t<div data-elementor-type=\"wp-page\" data-elementor-id=\"1561\" class=\"elementor elementor-1561\" data-elementor-post-type=\"page\">\n\t\t\t\t\t\t<section class=\"elementor-section elementor-top-section elementor-element elementor-element-6856a6a elementor-section-full_width elementor-section-stretched elementor-section-height-default elementor-section-height-default\" data-id=\"6856a6a\" data-element_type=\"section\" data-settings=\"{&quot;stretch_section&quot;:&quot;section-stretched&quot;,&quot;jet_parallax_layout_list&quot;:[],&quot;background_background&quot;:&quot;classic&quot;}\">\n\t\t\t\t\t\t<div class=\"elementor-container elementor-column-gap-no\">\n\t\t\t\t\t<div class=\"elementor-column elementor-col-100 elementor-top-column elementor-element elementor-element-67ab228\" data-id=\"67ab228\" data-element_type=\"column\">\n\t\t\t<div class=\"elementor-widget-wrap elementor-element-populated\">\n\t\t\t\t\t\t<div class=\"elementor-element elementor-element-a43f715 elementor-widget elementor-widget-heading\" data-id=\"a43f715\" data-element_type=\"widget\" data-widget_type=\"heading.default\">\n\t\t\t\t<div class=\"elementor-widget-container\">\n\t\t\t\t\t<h2 class=\"elementor-heading-title elementor-size-default\">GRADE 4<\/h2>\t\t\t\t<\/div>\n\t\t\t\t<\/div>\n\t\t\t\t\t<\/div>\n\t\t<\/div>\n\t\t\t\t\t<\/div>\n\t\t<\/section>\n\t\t\t\t<section class=\"elementor-section elementor-top-section elementor-element elementor-element-48d3acd elementor-section-full_width elementor-section-stretched elementor-section-height-default elementor-section-height-default\" data-id=\"48d3acd\" data-element_type=\"section\" data-settings=\"{&quot;stretch_section&quot;:&quot;section-stretched&quot;,&quot;jet_parallax_layout_list&quot;:[]}\">\n\t\t\t\t\t\t<div class=\"elementor-container elementor-column-gap-no\">\n\t\t\t\t\t<div class=\"elementor-column elementor-col-50 elementor-top-column elementor-element elementor-element-c05c481\" data-id=\"c05c481\" data-element_type=\"column\">\n\t\t\t<div class=\"elementor-widget-wrap elementor-element-populated\">\n\t\t\t\t\t\t<div class=\"elementor-element elementor-element-31a2497 elementor-widget elementor-widget-image\" data-id=\"31a2497\" data-element_type=\"widget\" data-widget_type=\"image.default\">\n\t\t\t\t<div class=\"elementor-widget-container\">\n\t\t\t\t\t\t\t\t\t\t\t\t\t\t\t<img fetchpriority=\"high\" decoding=\"async\" width=\"438\" height=\"681\" src=\"https:\/\/edinumenusa.com\/planetalector\/wp-content\/uploads\/sites\/24\/2024\/10\/grado4_01.jpg\" class=\"attachment-full size-full wp-image-1278\" alt=\"\" srcset=\"https:\/\/edinumenusa.com\/planetalector\/wp-content\/uploads\/sites\/24\/2024\/10\/grado4_01.jpg 438w, https:\/\/edinumenusa.com\/planetalector\/wp-content\/uploads\/sites\/24\/2024\/10\/grado4_01-193x300.jpg 193w\" sizes=\"(max-width: 438px) 100vw, 438px\" \/>\t\t\t\t\t\t\t\t\t\t\t\t\t\t\t<\/div>\n\t\t\t\t<\/div>\n\t\t\t\t\t<\/div>\n\t\t<\/div>\n\t\t\t\t<div class=\"elementor-column elementor-col-50 elementor-top-column elementor-element elementor-element-5070634\" data-id=\"5070634\" data-element_type=\"column\" data-settings=\"{&quot;background_background&quot;:&quot;classic&quot;}\">\n\t\t\t<div class=\"elementor-widget-wrap elementor-element-populated\">\n\t\t\t\t\t\t<div class=\"elementor-element elementor-element-30cb96a color elementor-widget elementor-widget-heading\" data-id=\"30cb96a\" data-element_type=\"widget\" data-widget_type=\"heading.default\">\n\t\t\t\t<div class=\"elementor-widget-container\">\n\t\t\t\t\t<h2 class=\"elementor-heading-title elementor-size-default\">Leyendas chilenas para ni\u00f1os y ni\u00f1as<\/h2>\t\t\t\t<\/div>\n\t\t\t\t<\/div>\n\t\t\t\t<section class=\"elementor-section elementor-inner-section elementor-element elementor-element-954a8de elementor-section-full_width elementor-section-height-default elementor-section-height-default\" data-id=\"954a8de\" data-element_type=\"section\" data-settings=\"{&quot;jet_parallax_layout_list&quot;:[]}\">\n\t\t\t\t\t\t<div class=\"elementor-container elementor-column-gap-no\">\n\t\t\t\t\t<div class=\"elementor-column elementor-col-50 elementor-inner-column elementor-element elementor-element-336f372\" data-id=\"336f372\" data-element_type=\"column\">\n\t\t\t<div class=\"elementor-widget-wrap elementor-element-populated\">\n\t\t\t\t\t\t<div class=\"elementor-element elementor-element-57aa4fe elementor-widget elementor-widget-text-editor\" data-id=\"57aa4fe\" data-element_type=\"widget\" data-widget_type=\"text-editor.default\">\n\t\t\t\t<div class=\"elementor-widget-container\">\n\t\t\t\t\t\t\t\t\t<p>Author: <span style=\"color: black\">Francisco Ortega<\/span><\/p>\t\t\t\t\t\t\t\t<\/div>\n\t\t\t\t<\/div>\n\t\t\t\t\t<\/div>\n\t\t<\/div>\n\t\t\t\t<div class=\"elementor-column elementor-col-50 elementor-inner-column elementor-element elementor-element-aac7f59\" data-id=\"aac7f59\" data-element_type=\"column\">\n\t\t\t<div class=\"elementor-widget-wrap elementor-element-populated\">\n\t\t\t\t\t\t<div class=\"elementor-element elementor-element-337d1b9 elementor-widget elementor-widget-text-editor\" data-id=\"337d1b9\" data-element_type=\"widget\" data-widget_type=\"text-editor.default\">\n\t\t\t\t<div class=\"elementor-widget-container\">\n\t\t\t\t\t\t\t\t\t<p>Illustrations: <span style=\"color: black\">Gonzalo Mart\u00ednez<\/span><\/p>\t\t\t\t\t\t\t\t<\/div>\n\t\t\t\t<\/div>\n\t\t\t\t\t<\/div>\n\t\t<\/div>\n\t\t\t\t\t<\/div>\n\t\t<\/section>\n\t\t\t\t<div class=\"elementor-element elementor-element-5080959 elementor-widget elementor-widget-text-editor\" data-id=\"5080959\" data-element_type=\"widget\" data-widget_type=\"text-editor.default\">\n\t\t\t\t<div class=\"elementor-widget-container\">\n\t\t\t\t\t\t\t\t\t<p>Synopsis<\/p>\t\t\t\t\t\t\t\t<\/div>\n\t\t\t\t<\/div>\n\t\t\t\t<div class=\"elementor-element elementor-element-43947c4 elementor-widget elementor-widget-text-editor\" data-id=\"43947c4\" data-element_type=\"widget\" data-widget_type=\"text-editor.default\">\n\t\t\t\t<div class=\"elementor-widget-container\">\n\t\t\t\t\t\t\t\t\t<p class=\"p1\">Chilling myths and legends to read around the campfire! Two giant snakes that constantly confront each other, a mysterious ship that appears on the coast of Chilo\u00e9 at the full moon, the ominous song of a bird that announces misfortunes, and a hairy monster that attacks the unprotected; these are some of the protagonists in the sixteen legends contained in this book.<\/p><p class=\"p1\"><b><i>Chilean Legends<\/i><\/b> <b><i>for Boys and Girls<\/i><\/b> includes mysterious and even terrifying stories that will allow a new generation of readers to fall in love with Chilean oral traditions that, even centuries later, continue to make our hair stand on end.<\/p>\t\t\t\t\t\t\t\t<\/div>\n\t\t\t\t<\/div>\n\t\t\t\t<div class=\"elementor-element elementor-element-8689492 elementor-widget elementor-widget-image\" data-id=\"8689492\" data-element_type=\"widget\" data-widget_type=\"image.default\">\n\t\t\t\t<div class=\"elementor-widget-container\">\n\t\t\t\t\t\t\t\t\t\t\t\t\t\t\t<img decoding=\"async\" width=\"100\" height=\"100\" src=\"https:\/\/edinumenusa.com\/planetalector\/wp-content\/uploads\/sites\/24\/2024\/11\/grado4_01_autor.png\" class=\"attachment-full size-full wp-image-1568\" alt=\"\" \/>\t\t\t\t\t\t\t\t\t\t\t\t\t\t\t<\/div>\n\t\t\t\t<\/div>\n\t\t\t\t<div class=\"elementor-element elementor-element-4a4ae51 elementor-widget elementor-widget-text-editor\" data-id=\"4a4ae51\" data-element_type=\"widget\" data-widget_type=\"text-editor.default\">\n\t\t\t\t<div class=\"elementor-widget-container\">\n\t\t\t\t\t\t\t\t\t<p class=\"p1\">Francisco Ortega<\/p>\t\t\t\t\t\t\t\t<\/div>\n\t\t\t\t<\/div>\n\t\t\t\t<div class=\"elementor-element elementor-element-be8e9ce elementor-align-center elementor-widget elementor-widget-button\" data-id=\"be8e9ce\" data-element_type=\"widget\" data-settings=\"{&quot;_animation&quot;:&quot;none&quot;}\" data-widget_type=\"button.default\">\n\t\t\t\t<div class=\"elementor-widget-container\">\n\t\t\t\t\t\t\t\t\t<div class=\"elementor-button-wrapper\">\n\t\t\t\t\t<a class=\"elementor-button elementor-button-link elementor-size-sm\" href=\"https:\/\/edinumenusa.com\/planetalector\/grade-4\/\">\n\t\t\t\t\t\t<span class=\"elementor-button-content-wrapper\">\n\t\t\t\t\t\t\t\t\t<span class=\"elementor-button-text\">RETURN<\/span>\n\t\t\t\t\t<\/span>\n\t\t\t\t\t<\/a>\n\t\t\t\t<\/div>\n\t\t\t\t\t\t\t\t<\/div>\n\t\t\t\t<\/div>\n\t\t\t\t\t<\/div>\n\t\t<\/div>\n\t\t\t\t\t<\/div>\n\t\t<\/section>\n\t\t\t\t<\/div>\n\t\t","protected":false},"excerpt":{"rendered":"<p>GRADE 4 Leyendas chilenas para ni\u00f1os y ni\u00f1as Author: Francisco Ortega Illustrations: Gonzalo Mart\u00ednez Synopsis Chilling myths and legends to&#8230;<\/p>\n","protected":false},"author":2,"featured_media":0,"parent":0,"menu_order":0,"comment_status":"closed","ping_status":"closed","template":"","meta":{"footnotes":""},"class_list":["post-1561","page","type-page","status-publish","hentry"],"_links":{"self":[{"href":"https:\/\/edinumenusa.com\/planetalector\/wp-json\/wp\/v2\/pages\/1561","targetHints":{"allow":["GET"]}}],"collection":[{"href":"https:\/\/edinumenusa.com\/planetalector\/wp-json\/wp\/v2\/pages"}],"about":[{"href":"https:\/\/edinumenusa.com\/planetalector\/wp-json\/wp\/v2\/types\/page"}],"author":[{"embeddable":true,"href":"https:\/\/edinumenusa.com\/planetalector\/wp-json\/wp\/v2\/users\/2"}],"replies":[{"embeddable":true,"href":"https:\/\/edinumenusa.com\/planetalector\/wp-json\/wp\/v2\/comments?post=1561"}],"version-history":[{"count":9,"href":"https:\/\/edinumenusa.com\/planetalector\/wp-json\/wp\/v2\/pages\/1561\/revisions"}],"predecessor-version":[{"id":1571,"href":"https:\/\/edinumenusa.com\/planetalector\/wp-json\/wp\/v2\/pages\/1561\/revisions\/1571"}],"wp:attachment":[{"href":"https:\/\/edinumenusa.com\/planetalector\/wp-json\/wp\/v2\/media?parent=1561"}],"curies":[{"name":"wp","href":"https:\/\/api.w.org\/{rel}","templated":true}]}}