{"id":1821,"date":"2025-02-19T10:41:26","date_gmt":"2025-02-19T09:41:26","guid":{"rendered":"https:\/\/edinumenusa.com\/planetalector\/?page_id=1821"},"modified":"2025-02-19T10:44:36","modified_gmt":"2025-02-19T09:44:36","slug":"grade-5-12","status":"publish","type":"page","link":"https:\/\/edinumenusa.com\/planetalector\/grade-5-12\/","title":{"rendered":"Grade 5 12"},"content":{"rendered":"\t\t<div data-elementor-type=\"wp-page\" data-elementor-id=\"1821\" class=\"elementor elementor-1821\" data-elementor-post-type=\"page\">\n\t\t\t\t\t\t<section class=\"elementor-section elementor-top-section elementor-element elementor-element-88f50ee elementor-section-full_width elementor-section-stretched elementor-section-height-default elementor-section-height-default\" data-id=\"88f50ee\" data-element_type=\"section\" data-settings=\"{&quot;stretch_section&quot;:&quot;section-stretched&quot;,&quot;jet_parallax_layout_list&quot;:[],&quot;background_background&quot;:&quot;classic&quot;}\">\n\t\t\t\t\t\t<div class=\"elementor-container elementor-column-gap-no\">\n\t\t\t\t\t<div class=\"elementor-column elementor-col-100 elementor-top-column elementor-element elementor-element-aa2ae43\" data-id=\"aa2ae43\" data-element_type=\"column\">\n\t\t\t<div class=\"elementor-widget-wrap elementor-element-populated\">\n\t\t\t\t\t\t<div class=\"elementor-element elementor-element-2f04ec1 elementor-widget elementor-widget-heading\" data-id=\"2f04ec1\" data-element_type=\"widget\" data-widget_type=\"heading.default\">\n\t\t\t\t<div class=\"elementor-widget-container\">\n\t\t\t\t\t<h2 class=\"elementor-heading-title elementor-size-default\">GRADE 5<\/h2>\t\t\t\t<\/div>\n\t\t\t\t<\/div>\n\t\t\t\t\t<\/div>\n\t\t<\/div>\n\t\t\t\t\t<\/div>\n\t\t<\/section>\n\t\t\t\t<section class=\"elementor-section elementor-top-section elementor-element elementor-element-e0eaffb elementor-section-full_width elementor-section-stretched elementor-section-height-default elementor-section-height-default\" data-id=\"e0eaffb\" data-element_type=\"section\" data-settings=\"{&quot;stretch_section&quot;:&quot;section-stretched&quot;,&quot;jet_parallax_layout_list&quot;:[]}\">\n\t\t\t\t\t\t<div class=\"elementor-container elementor-column-gap-no\">\n\t\t\t\t\t<div class=\"elementor-column elementor-col-50 elementor-top-column elementor-element elementor-element-b694ca8\" data-id=\"b694ca8\" data-element_type=\"column\">\n\t\t\t<div class=\"elementor-widget-wrap elementor-element-populated\">\n\t\t\t\t\t\t<div class=\"elementor-element elementor-element-74fd8e4 elementor-widget elementor-widget-image\" data-id=\"74fd8e4\" data-element_type=\"widget\" data-widget_type=\"image.default\">\n\t\t\t\t<div class=\"elementor-widget-container\">\n\t\t\t\t\t\t\t\t\t\t\t\t\t\t\t<img fetchpriority=\"high\" decoding=\"async\" width=\"447\" height=\"681\" src=\"https:\/\/edinumenusa.com\/planetalector\/wp-content\/uploads\/sites\/24\/2024\/10\/grado5_12.jpg\" class=\"attachment-full size-full wp-image-1315\" alt=\"\" srcset=\"https:\/\/edinumenusa.com\/planetalector\/wp-content\/uploads\/sites\/24\/2024\/10\/grado5_12.jpg 447w, https:\/\/edinumenusa.com\/planetalector\/wp-content\/uploads\/sites\/24\/2024\/10\/grado5_12-197x300.jpg 197w\" sizes=\"(max-width: 447px) 100vw, 447px\" \/>\t\t\t\t\t\t\t\t\t\t\t\t\t\t\t<\/div>\n\t\t\t\t<\/div>\n\t\t\t\t\t<\/div>\n\t\t<\/div>\n\t\t\t\t<div class=\"elementor-column elementor-col-50 elementor-top-column elementor-element elementor-element-c493ac0\" data-id=\"c493ac0\" data-element_type=\"column\" data-settings=\"{&quot;background_background&quot;:&quot;classic&quot;}\">\n\t\t\t<div class=\"elementor-widget-wrap elementor-element-populated\">\n\t\t\t\t\t\t<div class=\"elementor-element elementor-element-4bd445f color elementor-widget elementor-widget-heading\" data-id=\"4bd445f\" data-element_type=\"widget\" data-widget_type=\"heading.default\">\n\t\t\t\t<div class=\"elementor-widget-container\">\n\t\t\t\t\t<h2 class=\"elementor-heading-title elementor-size-default\">Todo el mundo tiene su f\u00e1bula<\/h2>\t\t\t\t<\/div>\n\t\t\t\t<\/div>\n\t\t\t\t<section class=\"elementor-section elementor-inner-section elementor-element elementor-element-ae6c024 elementor-section-full_width elementor-section-height-default elementor-section-height-default\" data-id=\"ae6c024\" data-element_type=\"section\" data-settings=\"{&quot;jet_parallax_layout_list&quot;:[]}\">\n\t\t\t\t\t\t<div class=\"elementor-container elementor-column-gap-no\">\n\t\t\t\t\t<div class=\"elementor-column elementor-col-50 elementor-inner-column elementor-element elementor-element-eca9361\" data-id=\"eca9361\" data-element_type=\"column\">\n\t\t\t<div class=\"elementor-widget-wrap elementor-element-populated\">\n\t\t\t\t\t\t<div class=\"elementor-element elementor-element-31055ee elementor-widget elementor-widget-text-editor\" data-id=\"31055ee\" data-element_type=\"widget\" data-widget_type=\"text-editor.default\">\n\t\t\t\t<div class=\"elementor-widget-container\">\n\t\t\t\t\t\t\t\t\t<p>Author: <span style=\"color: black\">Humberto Jarr\u00edn<\/span><\/p>\t\t\t\t\t\t\t\t<\/div>\n\t\t\t\t<\/div>\n\t\t\t\t\t<\/div>\n\t\t<\/div>\n\t\t\t\t<div class=\"elementor-column elementor-col-50 elementor-inner-column elementor-element elementor-element-8754aeb\" data-id=\"8754aeb\" data-element_type=\"column\">\n\t\t\t<div class=\"elementor-widget-wrap elementor-element-populated\">\n\t\t\t\t\t\t<div class=\"elementor-element elementor-element-24bc4b2 elementor-widget elementor-widget-text-editor\" data-id=\"24bc4b2\" data-element_type=\"widget\" data-widget_type=\"text-editor.default\">\n\t\t\t\t<div class=\"elementor-widget-container\">\n\t\t\t\t\t\t\t\t\t<p>Illustrations: <span style=\"color: black\">Iv\u00e1n Vallejo<\/span><\/p>\t\t\t\t\t\t\t\t<\/div>\n\t\t\t\t<\/div>\n\t\t\t\t\t<\/div>\n\t\t<\/div>\n\t\t\t\t\t<\/div>\n\t\t<\/section>\n\t\t\t\t<div class=\"elementor-element elementor-element-feb1eeb elementor-widget elementor-widget-text-editor\" data-id=\"feb1eeb\" data-element_type=\"widget\" data-widget_type=\"text-editor.default\">\n\t\t\t\t<div class=\"elementor-widget-container\">\n\t\t\t\t\t\t\t\t\t<p>Synopsis<\/p>\t\t\t\t\t\t\t\t<\/div>\n\t\t\t\t<\/div>\n\t\t\t\t<div class=\"elementor-element elementor-element-f23e265 elementor-widget elementor-widget-text-editor\" data-id=\"f23e265\" data-element_type=\"widget\" data-widget_type=\"text-editor.default\">\n\t\t\t\t<div class=\"elementor-widget-container\">\n\t\t\t\t\t\t\t\t\t<p class=\"p1\">In a fascinating journey along the paths inhabited by various creatures, the author surprises us with the fables that arise from animal experiences, stories full of captivating metaphors in which, on more than one chance, we will see our own experiences reflected. Animal wisdom is infinite, and their thoughts and actions are cause for reflection about our behavior as representatives of the most evolved species on planet Earth.<\/p><p class=\"p1\">Work that motivates reflection based on the ancient genre of oral fable.<\/p>\t\t\t\t\t\t\t\t<\/div>\n\t\t\t\t<\/div>\n\t\t\t\t<div class=\"elementor-element elementor-element-06379a1 elementor-widget elementor-widget-image\" data-id=\"06379a1\" data-element_type=\"widget\" data-widget_type=\"image.default\">\n\t\t\t\t<div class=\"elementor-widget-container\">\n\t\t\t\t\t\t\t\t\t\t\t\t\t\t\t<img decoding=\"async\" width=\"100\" height=\"100\" src=\"https:\/\/edinumenusa.com\/planetalector\/wp-content\/uploads\/sites\/24\/2025\/02\/grado5_12_autor.png\" class=\"attachment-full size-full wp-image-1823\" alt=\"\" \/>\t\t\t\t\t\t\t\t\t\t\t\t\t\t\t<\/div>\n\t\t\t\t<\/div>\n\t\t\t\t<div class=\"elementor-element elementor-element-43119f6 elementor-widget elementor-widget-text-editor\" data-id=\"43119f6\" data-element_type=\"widget\" data-widget_type=\"text-editor.default\">\n\t\t\t\t<div class=\"elementor-widget-container\">\n\t\t\t\t\t\t\t\t\t<p class=\"p1\">Humberto Jarr\u00edn<\/p>\t\t\t\t\t\t\t\t<\/div>\n\t\t\t\t<\/div>\n\t\t\t\t<div class=\"elementor-element elementor-element-883ce79 elementor-align-center elementor-widget elementor-widget-button\" data-id=\"883ce79\" data-element_type=\"widget\" data-settings=\"{&quot;_animation&quot;:&quot;none&quot;}\" data-widget_type=\"button.default\">\n\t\t\t\t<div class=\"elementor-widget-container\">\n\t\t\t\t\t\t\t\t\t<div class=\"elementor-button-wrapper\">\n\t\t\t\t\t<a class=\"elementor-button elementor-button-link elementor-size-sm\" href=\"https:\/\/edinumenusa.com\/planetalector\/grade-5\/\">\n\t\t\t\t\t\t<span class=\"elementor-button-content-wrapper\">\n\t\t\t\t\t\t\t\t\t<span class=\"elementor-button-text\">RETURN<\/span>\n\t\t\t\t\t<\/span>\n\t\t\t\t\t<\/a>\n\t\t\t\t<\/div>\n\t\t\t\t\t\t\t\t<\/div>\n\t\t\t\t<\/div>\n\t\t\t\t\t<\/div>\n\t\t<\/div>\n\t\t\t\t\t<\/div>\n\t\t<\/section>\n\t\t\t\t<\/div>\n\t\t","protected":false},"excerpt":{"rendered":"<p>GRADE 5 Todo el mundo tiene su f\u00e1bula Author: Humberto Jarr\u00edn Illustrations: Iv\u00e1n Vallejo Synopsis In a fascinating journey along&#8230;<\/p>\n","protected":false},"author":2,"featured_media":0,"parent":0,"menu_order":0,"comment_status":"closed","ping_status":"closed","template":"","meta":{"footnotes":""},"class_list":["post-1821","page","type-page","status-publish","hentry"],"_links":{"self":[{"href":"https:\/\/edinumenusa.com\/planetalector\/wp-json\/wp\/v2\/pages\/1821","targetHints":{"allow":["GET"]}}],"collection":[{"href":"https:\/\/edinumenusa.com\/planetalector\/wp-json\/wp\/v2\/pages"}],"about":[{"href":"https:\/\/edinumenusa.com\/planetalector\/wp-json\/wp\/v2\/types\/page"}],"author":[{"embeddable":true,"href":"https:\/\/edinumenusa.com\/planetalector\/wp-json\/wp\/v2\/users\/2"}],"replies":[{"embeddable":true,"href":"https:\/\/edinumenusa.com\/planetalector\/wp-json\/wp\/v2\/comments?post=1821"}],"version-history":[{"count":4,"href":"https:\/\/edinumenusa.com\/planetalector\/wp-json\/wp\/v2\/pages\/1821\/revisions"}],"predecessor-version":[{"id":1826,"href":"https:\/\/edinumenusa.com\/planetalector\/wp-json\/wp\/v2\/pages\/1821\/revisions\/1826"}],"wp:attachment":[{"href":"https:\/\/edinumenusa.com\/planetalector\/wp-json\/wp\/v2\/media?parent=1821"}],"curies":[{"name":"wp","href":"https:\/\/api.w.org\/{rel}","templated":true}]}}