 
 
 {"id":1657,"date":"2023-09-22T12:15:37","date_gmt":"2023-09-22T12:15:37","guid":{"rendered":"https:\/\/edinumenusa.com\/store\/?post_type=product&#038;p=1657"},"modified":"2024-01-12T11:29:13","modified_gmt":"2024-01-12T11:29:13","slug":"destellos-part-1-student-edition-copy","status":"publish","type":"product","link":"https:\/\/edinumenusa.com\/store\/vamos-al-cine","title":{"rendered":"Vamos al cine"},"content":{"rendered":"<p><span style=\"vertical-align: inherit;\"><span style=\"vertical-align: inherit;\"><span style=\"vertical-align: inherit;\"><span style=\"vertical-align: inherit;\"><span style=\"vertical-align: inherit;\"><span style=\"vertical-align: inherit;\"><span style=\"vertical-align: inherit;\"><span style=\"vertical-align: inherit;\">Vamos al cine&#8221; es un recurso complementario dise\u00f1ado para estudiantes de espa\u00f1ol de nivel intermedio a avanzado que buscan mejorar su competencia comunicativa a trav\u00e9s del cine. El uso de medios aut\u00e9nticos en las clases de espa\u00f1ol ofrece innumerables beneficios, como abordar temas actuales y relevantes. brindando oportunidades para sumergir a los estudiantes en la riqueza y variedad del idioma espa\u00f1ol, generando debates en profundidad y ofreciendo ideas sobre la diversidad cultural del mundo de habla hispana.<\/span><\/span><\/span><\/span><\/span><\/span><\/span><\/span><\/p>\n<p><span style=\"vertical-align: inherit;\"><span style=\"vertical-align: inherit;\"><span style=\"vertical-align: inherit;\"><span style=\"vertical-align: inherit;\"><span style=\"vertical-align: inherit;\"><span style=\"vertical-align: inherit;\"><span style=\"vertical-align: inherit;\"><span style=\"vertical-align: inherit;\">Cada cap\u00edtulo de &#8220;Vamos al cine&#8221; se centra en una pel\u00edcula espa\u00f1ola o latinoamericana, complementada con material sobre sus temas principales y su contexto hist\u00f3rico-social. <\/span><\/span><\/span><\/span><\/span><\/span><\/span><span style=\"vertical-align: inherit;\"><span style=\"vertical-align: inherit;\"><span style=\"vertical-align: inherit;\"><span style=\"vertical-align: inherit;\"><span style=\"vertical-align: inherit;\"><span style=\"vertical-align: inherit;\"><span style=\"vertical-align: inherit;\">Los cap\u00edtulos tambi\u00e9n incluyen actividades que acompa\u00f1an la visualizaci\u00f3n de la pel\u00edcula, una gu\u00eda de vocabulario esencial, expresiones y nuevas terminolog\u00edas. <\/span><\/span><\/span><\/span><\/span><\/span><\/span><span style=\"vertical-align: inherit;\"><span style=\"vertical-align: inherit;\"><span style=\"vertical-align: inherit;\"><span style=\"vertical-align: inherit;\"><span style=\"vertical-align: inherit;\"><span style=\"vertical-align: inherit;\"><span style=\"vertical-align: inherit;\">Si bien el texto no incluye el video en s\u00ed, todas las pel\u00edculas se pueden ubicar convenientemente en l\u00ednea o est\u00e1n disponibles para alquiler o compra. <\/span><\/span><\/span><\/span><\/span><\/span><\/span><span style=\"vertical-align: inherit;\"><span style=\"vertical-align: inherit;\"><span style=\"vertical-align: inherit;\"><span style=\"vertical-align: inherit;\"><span style=\"vertical-align: inherit;\"><span style=\"vertical-align: inherit;\"><span style=\"vertical-align: inherit;\">Como los est\u00e1ndares y preferencias locales pueden diferir, recomendamos a los profesores ver una vista previa de las pel\u00edculas antes de recomendarlas a los estudiantes.<\/span><\/span><\/span><\/span><\/span><\/span><\/span><\/span><\/p>\n<p><span style=\"vertical-align: inherit;\"><span style=\"vertical-align: inherit;\"><span style=\"vertical-align: inherit;\"><span style=\"vertical-align: inherit;\"><span style=\"vertical-align: inherit;\"><span style=\"vertical-align: inherit;\"><span style=\"vertical-align: inherit;\"><span style=\"vertical-align: inherit;\">Estructura de cada cap\u00edtulo:<\/span><\/span><\/span><\/span><\/span><\/span><\/span><\/span><\/p>\n<ol>\n<li><span style=\"vertical-align: inherit;\"><span style=\"vertical-align: inherit;\"><span style=\"vertical-align: inherit;\"><span style=\"vertical-align: inherit;\"><span style=\"vertical-align: inherit;\"><span style=\"vertical-align: inherit;\"><span style=\"vertical-align: inherit;\"><span style=\"vertical-align: inherit;\">5 cosas sobre la pel\u00edcula<\/span><\/span><\/span><\/span><\/span><\/span><\/span><\/span><\/li>\n<li><span style=\"vertical-align: inherit;\"><span style=\"vertical-align: inherit;\"><span style=\"vertical-align: inherit;\"><span style=\"vertical-align: inherit;\"><span style=\"vertical-align: inherit;\"><span style=\"vertical-align: inherit;\"><span style=\"vertical-align: inherit;\"><span style=\"vertical-align: inherit;\">Sinopsis<\/span><\/span><\/span><\/span><\/span><\/span><\/span><\/span><\/li>\n<li><span style=\"vertical-align: inherit;\"><span style=\"vertical-align: inherit;\"><span style=\"vertical-align: inherit;\"><span style=\"vertical-align: inherit;\"><span style=\"vertical-align: inherit;\"><span style=\"vertical-align: inherit;\"><span style=\"vertical-align: inherit;\"><span style=\"vertical-align: inherit;\">caracteristicas<\/span><\/span><\/span><\/span><\/span><\/span><\/span><\/span><\/li>\n<li><span style=\"vertical-align: inherit;\"><span style=\"vertical-align: inherit;\"><span style=\"vertical-align: inherit;\"><span style=\"vertical-align: inherit;\"><span style=\"vertical-align: inherit;\"><span style=\"vertical-align: inherit;\"><span style=\"vertical-align: inherit;\"><span style=\"vertical-align: inherit;\">Perspectivas culturales<\/span><\/span><\/span><\/span><\/span><\/span><\/span><\/span><\/li>\n<li><span style=\"vertical-align: inherit;\"><span style=\"vertical-align: inherit;\"><span style=\"vertical-align: inherit;\"><span style=\"vertical-align: inherit;\"><span style=\"vertical-align: inherit;\"><span style=\"vertical-align: inherit;\"><span style=\"vertical-align: inherit;\"><span style=\"vertical-align: inherit;\">\u00a1Datos interesantes!<\/span><\/span><\/span><\/span><\/span><\/span><\/span><\/span><\/li>\n<li><span style=\"vertical-align: inherit;\"><span style=\"vertical-align: inherit;\"><span style=\"vertical-align: inherit;\"><span style=\"vertical-align: inherit;\"><span style=\"vertical-align: inherit;\"><span style=\"vertical-align: inherit;\"><span style=\"vertical-align: inherit;\"><span style=\"vertical-align: inherit;\">consejo<\/span><\/span><\/span><\/span><\/span><\/span><\/span><\/span><\/li>\n<li><span style=\"vertical-align: inherit;\"><span style=\"vertical-align: inherit;\"><span style=\"vertical-align: inherit;\"><span style=\"vertical-align: inherit;\"><span style=\"vertical-align: inherit;\"><span style=\"vertical-align: inherit;\"><span style=\"vertical-align: inherit;\"><span style=\"vertical-align: inherit;\">vocabulario<\/span><\/span><\/span><\/span><\/span><\/span><\/span><\/span><\/li>\n<li><span style=\"vertical-align: inherit;\"><span style=\"vertical-align: inherit;\"><span style=\"vertical-align: inherit;\"><span style=\"vertical-align: inherit;\"><span style=\"vertical-align: inherit;\"><span style=\"vertical-align: inherit;\"><span style=\"vertical-align: inherit;\"><span style=\"vertical-align: inherit;\">Actividades antes, durante y despu\u00e9s de ver cada segmento de la pel\u00edcula.<\/span><\/span><\/span><\/span><\/span><\/span><\/span><\/span><\/li>\n<\/ol>\n","protected":false},"excerpt":{"rendered":"<p>Vamos al cine&#8221; es un recurso complementario dise\u00f1ado para estudiantes de espa\u00f1ol de nivel intermedio a avanzado que buscan mejorar su competencia comunicativa a trav\u00e9s del cine. El uso de medios aut\u00e9nticos en las clases de espa\u00f1ol ofrece innumerables beneficios, como abordar temas actuales y relevantes. brindando oportunidades para sumergir a los estudiantes en la [&hellip;]<\/p>\n","protected":false},"featured_media":1662,"template":"","format":[42,41],"meta":[],"product_brand":[],"product_cat":[111],"product_tag":[],"segments":[20],"sections":[24],"aimed-at":[29,30],"levels":[36,34,35],"education-center":[108],"class_list":{"0":"post-1657","1":"product","2":"type-product","3":"status-publish","4":"has-post-thumbnail","6":"product_cat-other-programs","7":"segments-higher-ed","8":"sections-higher-ed-spanish-programs","9":"aimed-at-students","10":"aimed-at-teachers","11":"levels-intermediate-high","12":"levels-intermediate-low","13":"levels-intermediate-mid","14":"format-digital","15":"format-print","16":"education-center-qcc","18":"first","19":"instock","20":"purchasable","21":"product-type-variable","22":"has-default-attributes"},"_links":{"self":[{"href":"https:\/\/edinumenusa.com\/store\/wp-json\/wp\/v2\/product\/1657","targetHints":{"allow":["GET"]}}],"collection":[{"href":"https:\/\/edinumenusa.com\/store\/wp-json\/wp\/v2\/product"}],"about":[{"href":"https:\/\/edinumenusa.com\/store\/wp-json\/wp\/v2\/types\/product"}],"wp:featuredmedia":[{"embeddable":true,"href":"https:\/\/edinumenusa.com\/store\/wp-json\/wp\/v2\/media\/1662"}],"wp:attachment":[{"href":"https:\/\/edinumenusa.com\/store\/wp-json\/wp\/v2\/media?parent=1657"}],"wp:term":[{"taxonomy":"product_brand","embeddable":true,"href":"https:\/\/edinumenusa.com\/store\/wp-json\/wp\/v2\/product_brand?post=1657"},{"taxonomy":"product_cat","embeddable":true,"href":"https:\/\/edinumenusa.com\/store\/wp-json\/wp\/v2\/product_cat?post=1657"},{"taxonomy":"product_tag","embeddable":true,"href":"https:\/\/edinumenusa.com\/store\/wp-json\/wp\/v2\/product_tag?post=1657"},{"taxonomy":"segments","embeddable":true,"href":"https:\/\/edinumenusa.com\/store\/wp-json\/wp\/v2\/segments?post=1657"},{"taxonomy":"sections","embeddable":true,"href":"https:\/\/edinumenusa.com\/store\/wp-json\/wp\/v2\/sections?post=1657"},{"taxonomy":"aimed-at","embeddable":true,"href":"https:\/\/edinumenusa.com\/store\/wp-json\/wp\/v2\/aimed-at?post=1657"},{"taxonomy":"levels","embeddable":true,"href":"https:\/\/edinumenusa.com\/store\/wp-json\/wp\/v2\/levels?post=1657"},{"taxonomy":"format","embeddable":true,"href":"https:\/\/edinumenusa.com\/store\/wp-json\/wp\/v2\/format?post=1657"},{"taxonomy":"education-center","embeddable":true,"href":"https:\/\/edinumenusa.com\/store\/wp-json\/wp\/v2\/education-center?post=1657"}],"curies":[{"name":"wp","href":"https:\/\/api.w.org\/{rel}","templated":true}]}}