 
 
 {"id":29,"date":"2023-07-15T11:50:16","date_gmt":"2023-07-15T11:50:16","guid":{"rendered":"https:\/\/edinumenusa.com\/store\/product\/identidades-1b-student-edition\/"},"modified":"2024-03-13T05:54:22","modified_gmt":"2024-03-13T05:54:22","slug":"identidades-1b-student-edition","status":"publish","type":"product","link":"https:\/\/edinumenusa.com\/store\/identidades-1b-student-edition","title":{"rendered":"Identidades 1B &#8211; Student Edition"},"content":{"rendered":"<p>Identidades en espa\u00f1ol\u00a0combines context- and task-based content and activities and a research-based methodology promoting immediate application of inductively acquired knowledge which leads to active, effective learning.<\/p>\n<p><span style=\"vertical-align: inherit\"><span style=\"vertical-align: inherit\">Las presentaciones y comparaciones culturales e interculturales brindan a los estudiantes una visi\u00f3n clara del impacto global de las culturas de habla hispana y de la aplicaci\u00f3n mundial de sus propias habilidades ling\u00fc\u00edsticas.<\/span><\/span><\/p>\n<p><strong><span style=\"vertical-align: inherit\"><span style=\"vertical-align: inherit\">Este primer volumen de la serie est\u00e1 compuesto por cinco unidades, brindando acceso a Identidades 1 Parte B (unidades 6-10).<\/span><\/span><\/strong><\/p>\n<p><span style=\"vertical-align: inherit\"><span style=\"vertical-align: inherit\">Este producto proporciona acceso digital a la ELEteca con m\u00faltiples recursos que incluyen:<\/span><\/span><\/p>\n<ul>\n<li><span style=\"vertical-align: inherit\"><span style=\"vertical-align: inherit\">Libro electr\u00f3nico interactivo para estudiantes<\/span><\/span><\/li>\n<li><span style=\"vertical-align: inherit\"><span style=\"vertical-align: inherit\">Eleteca Online: cuatro conjuntos de actividades de pr\u00e1ctica en l\u00ednea, adem\u00e1s de programas de audio y video<\/span><\/span><\/li>\n<\/ul>\n","protected":false},"excerpt":{"rendered":"<p>Identidades en espa\u00f1ol\u00a0combines context- and task-based content and activities and a research-based methodology promoting immediate application of inductively acquired knowledge which leads to active, effective learning. Las presentaciones y comparaciones culturales e interculturales brindan a los estudiantes una visi\u00f3n clara del impacto global de las culturas de habla hispana y de la aplicaci\u00f3n mundial de [&hellip;]<\/p>\n","protected":false},"featured_media":30,"template":"","format":[42,43],"meta":[],"product_brand":[],"product_cat":[56,77],"product_tag":[],"segments":[20],"sections":[24],"aimed-at":[29],"levels":[33,32],"education-center":[108],"class_list":{"0":"post-29","1":"product","2":"type-product","3":"status-publish","4":"has-post-thumbnail","6":"product_cat-identidades","7":"product_cat-level-1b","8":"segments-higher-ed","9":"sections-higher-ed-spanish-programs","10":"aimed-at-students","11":"levels-novice-high","12":"levels-novice-mid","13":"format-digital","14":"format-print-digital","15":"education-center-qcc","17":"first","18":"instock","19":"sale","20":"purchasable","21":"product-type-variable","22":"has-default-attributes"},"_links":{"self":[{"href":"https:\/\/edinumenusa.com\/store\/wp-json\/wp\/v2\/product\/29","targetHints":{"allow":["GET"]}}],"collection":[{"href":"https:\/\/edinumenusa.com\/store\/wp-json\/wp\/v2\/product"}],"about":[{"href":"https:\/\/edinumenusa.com\/store\/wp-json\/wp\/v2\/types\/product"}],"wp:featuredmedia":[{"embeddable":true,"href":"https:\/\/edinumenusa.com\/store\/wp-json\/wp\/v2\/media\/30"}],"wp:attachment":[{"href":"https:\/\/edinumenusa.com\/store\/wp-json\/wp\/v2\/media?parent=29"}],"wp:term":[{"taxonomy":"product_brand","embeddable":true,"href":"https:\/\/edinumenusa.com\/store\/wp-json\/wp\/v2\/product_brand?post=29"},{"taxonomy":"product_cat","embeddable":true,"href":"https:\/\/edinumenusa.com\/store\/wp-json\/wp\/v2\/product_cat?post=29"},{"taxonomy":"product_tag","embeddable":true,"href":"https:\/\/edinumenusa.com\/store\/wp-json\/wp\/v2\/product_tag?post=29"},{"taxonomy":"segments","embeddable":true,"href":"https:\/\/edinumenusa.com\/store\/wp-json\/wp\/v2\/segments?post=29"},{"taxonomy":"sections","embeddable":true,"href":"https:\/\/edinumenusa.com\/store\/wp-json\/wp\/v2\/sections?post=29"},{"taxonomy":"aimed-at","embeddable":true,"href":"https:\/\/edinumenusa.com\/store\/wp-json\/wp\/v2\/aimed-at?post=29"},{"taxonomy":"levels","embeddable":true,"href":"https:\/\/edinumenusa.com\/store\/wp-json\/wp\/v2\/levels?post=29"},{"taxonomy":"format","embeddable":true,"href":"https:\/\/edinumenusa.com\/store\/wp-json\/wp\/v2\/format?post=29"},{"taxonomy":"education-center","embeddable":true,"href":"https:\/\/edinumenusa.com\/store\/wp-json\/wp\/v2\/education-center?post=29"}],"curies":[{"name":"wp","href":"https:\/\/api.w.org\/{rel}","templated":true}]}}