 
 
 {"id":75,"date":"2023-07-15T11:47:22","date_gmt":"2023-07-15T11:47:22","guid":{"rendered":"https:\/\/edinumenusa.com\/store\/product\/spanish-teachers-toolkit-1\/"},"modified":"2024-03-13T05:54:30","modified_gmt":"2024-03-13T05:54:30","slug":"spanish-teachers-toolkit-1","status":"publish","type":"product","link":"https:\/\/edinumenusa.com\/store\/spanish-teachers-toolkit-1","title":{"rendered":"Spanish Teacher\u2019s Toolkit 1"},"content":{"rendered":"<p>The Spanish Teacher\u2019s Toolkit 1 is a carefully curated set of instructional resources designed to provide your Spanish 1 and 2 classes with engaging activities that build commitment, persistence, and proficiency \u2013 all in the target language!<\/p>\n<p>This product includes:<\/p>\n<ul>\n<li><span style=\"vertical-align: inherit\"><span style=\"vertical-align: inherit\">Vocabulario en movimiento<\/span><\/span><\/li>\n<li><span style=\"vertical-align: inherit\"><span style=\"vertical-align: inherit\">El Bloc &#8211; Espa\u00f1ol en im\u00e1genes<\/span><\/span><\/li>\n<li><span style=\"vertical-align: inherit\"><span style=\"vertical-align: inherit\">El Bloc 2 &#8211; Espa\u00f1ol en im\u00e1genes<\/span><\/span><\/li>\n<li><span style=\"vertical-align: inherit\"><span style=\"vertical-align: inherit\">Fichas y pasatiempos de espa\u00f1ol<\/span><\/span><\/li>\n<li><span style=\"vertical-align: inherit\"><span style=\"vertical-align: inherit\">Juegos de tablero y tarjetas<\/span><\/span><\/li>\n<\/ul>\n","protected":false},"excerpt":{"rendered":"<p>The Spanish Teacher\u2019s Toolkit 1 is a carefully curated set of instructional resources designed to provide your Spanish 1 and 2 classes with engaging activities that build commitment, persistence, and proficiency \u2013 all in the target language! This product includes: Vocabulario en movimiento El Bloc &#8211; Espa\u00f1ol en im\u00e1genes El Bloc 2 &#8211; Espa\u00f1ol en [&hellip;]<\/p>\n","protected":false},"featured_media":76,"template":"","format":[41],"meta":[],"product_brand":[],"product_cat":[60],"product_tag":[],"segments":[21],"sections":[],"aimed-at":[28],"levels":[37,36,34,35,33,31,61],"education-center":[],"class_list":{"0":"post-75","1":"product","2":"type-product","3":"status-publish","4":"has-post-thumbnail","6":"product_cat-spanish-teachers-toolkit","7":"segments-teacher-resources","8":"aimed-at-teachers-instructors","9":"levels-advanced-low","10":"levels-intermediate-high","11":"levels-intermediate-low","12":"levels-intermediate-mid","13":"levels-novice-high","14":"levels-novice-low","15":"levels-novide-mid","16":"format-print","18":"first","19":"instock","20":"purchasable","21":"product-type-variable","22":"has-default-attributes"},"_links":{"self":[{"href":"https:\/\/edinumenusa.com\/store\/wp-json\/wp\/v2\/product\/75","targetHints":{"allow":["GET"]}}],"collection":[{"href":"https:\/\/edinumenusa.com\/store\/wp-json\/wp\/v2\/product"}],"about":[{"href":"https:\/\/edinumenusa.com\/store\/wp-json\/wp\/v2\/types\/product"}],"wp:featuredmedia":[{"embeddable":true,"href":"https:\/\/edinumenusa.com\/store\/wp-json\/wp\/v2\/media\/76"}],"wp:attachment":[{"href":"https:\/\/edinumenusa.com\/store\/wp-json\/wp\/v2\/media?parent=75"}],"wp:term":[{"taxonomy":"product_brand","embeddable":true,"href":"https:\/\/edinumenusa.com\/store\/wp-json\/wp\/v2\/product_brand?post=75"},{"taxonomy":"product_cat","embeddable":true,"href":"https:\/\/edinumenusa.com\/store\/wp-json\/wp\/v2\/product_cat?post=75"},{"taxonomy":"product_tag","embeddable":true,"href":"https:\/\/edinumenusa.com\/store\/wp-json\/wp\/v2\/product_tag?post=75"},{"taxonomy":"segments","embeddable":true,"href":"https:\/\/edinumenusa.com\/store\/wp-json\/wp\/v2\/segments?post=75"},{"taxonomy":"sections","embeddable":true,"href":"https:\/\/edinumenusa.com\/store\/wp-json\/wp\/v2\/sections?post=75"},{"taxonomy":"aimed-at","embeddable":true,"href":"https:\/\/edinumenusa.com\/store\/wp-json\/wp\/v2\/aimed-at?post=75"},{"taxonomy":"levels","embeddable":true,"href":"https:\/\/edinumenusa.com\/store\/wp-json\/wp\/v2\/levels?post=75"},{"taxonomy":"format","embeddable":true,"href":"https:\/\/edinumenusa.com\/store\/wp-json\/wp\/v2\/format?post=75"},{"taxonomy":"education-center","embeddable":true,"href":"https:\/\/edinumenusa.com\/store\/wp-json\/wp\/v2\/education-center?post=75"}],"curies":[{"name":"wp","href":"https:\/\/api.w.org\/{rel}","templated":true}]}}